{"id":1192,"date":"2020-02-17T18:08:11","date_gmt":"2020-02-17T15:08:11","guid":{"rendered":"https:\/\/petroshotel.com\/cookie-policy\/"},"modified":"2025-05-25T17:47:18","modified_gmt":"2025-05-25T14:47:18","slug":"cerez-politikasi","status":"publish","type":"page","link":"https:\/\/petroshotel.com\/tr\/cerez-politikasi\/","title":{"rendered":"\u00c7erez Politikas\u0131"},"content":{"rendered":"\n<p>Y TUR\u0130ZM T\u0130CARET LTD. \u015eT\u0130. (Petros Hotel), web sitesi sahibi s\u0131fat\u0131yla \u00e7erezleri nas\u0131l kullanmaktad\u0131r?<\/p>\n\n\n\n<p>Petros Hotel \u00e7erezleri, web sitesinin i\u015flevsel \u00e7al\u0131\u015fmas\u0131n\u0131 sa\u011flamak ve web sitesini kullan\u0131m deneyiminizi geli\u015ftirmek amac\u0131yla kullan\u0131lmaktad\u0131r. Ayr\u0131ca, \u00e7evrimi\u00e7i ziyaret\u00e7i istatistikleri sa\u011flamak i\u00e7in Google Analytics kullan\u0131lmaktad\u0131r.<\/p>\n\n\n\n<p><strong>Petros Hotel \u00fc\u00e7\u00fcnc\u00fc taraf \u00e7erezleri nas\u0131l kullan\u0131r?<\/strong><br \/>\nPetros Hotel, Google, Inc. (&#8220;Google&#8221;) taraf\u0131ndan sa\u011flanan bir web sitesi analiz hizmeti olan Google Analytics\u2019i kullanmaktad\u0131r. Google Analytics, ziyaret\u00e7ilerin web sitesini nas\u0131l kulland\u0131\u011f\u0131n\u0131 istatistiksel veri\/raporlar arac\u0131l\u0131\u011f\u0131yla analiz etmek i\u00e7in \u00e7erezler kullan\u0131r. Google Analytics kullan\u0131m\u0131 hakk\u0131nda daha fazla bilgi (reddetme se\u00e7enekleri dahil) i\u00e7in \u015fu adresi ziyaret edebilirsiniz: <a href=\"https:\/\/www.google.com\/intl\/tr\/policies\/privacy\/#infocollect\">https:\/\/www.google.com\/intl\/tr\/policies\/privacy\/#infocollect<\/a>.<\/p>\n\n\n\n<p><strong>\u00c7erez Y\u00f6netimi<\/strong><\/p>\n\n\n\n<p>\u0130nternet taray\u0131c\u0131n\u0131z\u0131n t\u00fcr\u00fcne ba\u011fl\u0131 olarak a\u015fa\u011f\u0131da belirtilen ad\u0131mlar\u0131 izleyerek \u00e7erezler hakk\u0131nda bilgi alabilir ve izin verme veya reddetme hakk\u0131n\u0131z\u0131 kullanabilirsiniz:<\/p>\n\n\n\n<p>Google Chrome: Taray\u0131c\u0131n\u0131z\u0131n \u201cadres b\u00f6l\u00fcm\u00fc\u201dnde yer alan \u201ckilit sembol\u00fc\u201d veya \u201ci\u201d harfine t\u0131klayarak, \u201c\u00c7erez\u201d sekmesinden \u00e7erezleri izin verebilir veya engelleyebilirsiniz.<\/p>\n\n\n\n<p>Internet Explorer: Taray\u0131c\u0131n\u0131z\u0131n sa\u011f \u00fcst k\u00f6\u015fesinde bulunan \u201cAra\u00e7lar\u201d b\u00f6l\u00fcm\u00fcndeki \u201cG\u00fcvenlik\u201d sekmesine t\u0131klay\u0131n ve \u00e7erez y\u00f6netimini \u201cizin ver\u201d veya \u201cizin verme\u201d olarak ger\u00e7ekle\u015ftirin.<\/p>\n\n\n\n<p>Mozilla Firefox: Taray\u0131c\u0131n\u0131z\u0131n sa\u011f \u00fcst k\u00f6\u015fesinde bulunan \u201cmen\u00fcy\u00fc a\u00e7\u201d sekmesine t\u0131klay\u0131n. \u201cSe\u00e7enekler\u201d g\u00f6rseline t\u0131klayarak, \u201cGizlilik ve G\u00fcvenlik\u201d d\u00fc\u011fmesini kullanarak \u00e7erez y\u00f6netimini ger\u00e7ekle\u015ftirin.<\/p>\n\n\n\n<p>Di\u011fer taray\u0131c\u0131lar (Opera, Microsoft Edge gibi) i\u00e7in ilgili taray\u0131c\u0131n\u0131n \u201cyard\u0131m\u201d veya \u201cdestek\u201d sayfalar\u0131n\u0131 inceleyebilirsiniz.<\/p>\n\n\n\n<p>Safari: Telefonunuzun \u201cAyarlar\u201d b\u00f6l\u00fcm\u00fcnden \u201cSafari\u201d sekmesini se\u00e7erek, \u201cGizlilik ve G\u00fcvenlik\u201d b\u00f6l\u00fcm\u00fcnden t\u00fcm \u00e7erezlerin y\u00f6netimini sa\u011flayabilirsiniz.<\/p>\n\n\n\n<p>Yukar\u0131daki se\u00e7eneklere ek olarak, t\u00fcm \u00e7erezler hakk\u0131nda bilgi edinmek ve \u00e7erezleri y\u00f6netmek i\u00e7in \u015fu adresleri ziyaret edebilirsiniz: <a href=\"https:\/\/www.allaboutcookies.org\/\">https:\/\/www.allaboutcookies.org<\/a>, <a href=\"https:\/\/www.youronlinechoices.eu\/\">https:\/\/www.youronlinechoices.eu\/<\/a> veya \u015fu adresteki \u201cPrivacy Badger\u201d uygulamas\u0131n\u0131 kullanabilirsiniz: <a href=\"https:\/\/www.eff.org\/tr\/privacybadger\">https:\/\/www.eff.org\/tr\/privacybadger<\/a>.<\/p>\n\n\n\n<p><strong>\u00c7erez T\u00fcrleri<\/strong><\/p>\n\n\n\n<p><strong>Kullan\u0131m S\u00fcresine G\u00f6re \u00c7erez T\u00fcrleri:<\/strong><br \/>\nPetros Hotel taraf\u0131ndan i\u015fletilen web sitesinde, kullan\u0131m s\u00fcresine g\u00f6re oturum \u00e7erezleri ve kal\u0131c\u0131 \u00e7erezler kullan\u0131lmaktad\u0131r. Oturum \u00e7erezleri, taray\u0131c\u0131n\u0131z\u0131 kapatt\u0131\u011f\u0131n\u0131zda sona erer; kal\u0131c\u0131 \u00e7erezler ise sabit diskinizde uzun s\u00fcre veya belirsiz bir s\u00fcre boyunca kal\u0131r.<\/p>\n\n\n\n<p>Web sitesinde, \u00e7erezi olu\u015fturan tarafa g\u00f6re \u201c\u00fc\u00e7\u00fcnc\u00fc taraf \u00e7erezleri\u201d kullan\u0131lmaktad\u0131r. Petros Hotel \u00e7erezleri, Petros Hotel taraf\u0131ndan olu\u015fturuldu\u011funda y\u00f6netilirken, \u00fc\u00e7\u00fcnc\u00fc taraf \u00e7erezleri i\u015f birli\u011fi yapt\u0131\u011f\u0131m\u0131z \u00fc\u00e7\u00fcnc\u00fc taraf firmalar taraf\u0131ndan y\u00f6netilir.<\/p>\n\n\n\n<p><strong>Kullan\u0131m Amac\u0131na G\u00f6re \u00c7erez T\u00fcrleri:<\/strong><br \/>\nYasmak Hotel Collection taraf\u0131ndan i\u015fletilen web sitesinde, kullan\u0131m amac\u0131na g\u00f6re teknik \u00e7erezler kullan\u0131lmaktad\u0131r. Teknik \u00e7erezler, web sitesinin \u00e7al\u0131\u015fmas\u0131 i\u00e7in gerekli olan \u00e7erezlerdir.<\/p>\n\n\n\n<p><strong>\u0130statistik \u00c7erezleri:<\/strong> \u0130statistik \u00e7erezleri, web sitesi sahiplerinin ziyaret\u00e7ilerin web siteleriyle nas\u0131l etkile\u015fimde bulundu\u011funu anlamalar\u0131na yard\u0131mc\u0131 olmak i\u00e7in anonim olarak bilgi toplay\u0131p raporlayan \u00e7erezlerdir.<\/p>\n\n\n\n<p><strong>\u00c7erezlerin Kullan\u0131m\u0131<\/strong><\/p>\n\n\n\n<p>\u00c7erezler, Petros Hotel\u2019in web sitelerini ziyaret etti\u011finizde internet taray\u0131c\u0131n\u0131z taraf\u0131ndan indirilen ve bilgisayar\u0131n\u0131zda, cep telefonunuzda veya tabletinizde saklanan k\u00fc\u00e7\u00fck bilgi par\u00e7ac\u0131klar\u0131 i\u00e7eren metin dosyalar\u0131d\u0131r.<\/p>\n\n\n\n<p>Petros Hotel, ziyaret\u00e7ilerine daha iyi hizmet sunmak, ziyaret\u00e7ilerini ve \u00fcyelerini \u00fcyelik avantajlar\u0131ndan yararland\u0131rmak ve yasal y\u00fck\u00fcml\u00fcl\u00fcklerini yerine getirmek amac\u0131yla ziyaret detaylar\u0131n\u0131z\u0131 toplayacak, i\u015fleyecek, \u00fc\u00e7\u00fcnc\u00fc taraflarla payla\u015facak ve g\u00fcvenli bir \u015fekilde saklayacakt\u0131r; ancak bu veriler, bu Gizlilik\/Ki\u015fisel Verilerin Korunmas\u0131 Politikas\u0131\u2019nda belirtilen ama\u00e7 ve kapsam d\u0131\u015f\u0131nda kullan\u0131lmayacakt\u0131r.<\/p>\n\n\n\n<p>Petros Hotel, web sitesindeki gezintiniz ve\/veya \u00fcyelik kullan\u0131m ge\u00e7mi\u015finiz hakk\u0131nda detaylar\u0131 izler; b\u00f6ylece size \u00f6zel promosyonlar sunmak, promosyon ve pazarlama kampanyalar\u0131 d\u00fczenlemek, web sitesinin i\u00e7eri\u011fini size g\u00f6re geli\u015ftirmek ve\/veya tercihlerinizi belirlemek amac\u0131yla web sitesinde ve mobil sitesinde oturum \u00e7erezleri ve kal\u0131c\u0131 \u00e7erezler kullan\u0131r. Oturum \u00e7erezleri, taray\u0131c\u0131n\u0131z\u0131 kapatt\u0131\u011f\u0131n\u0131zda sona erer; kal\u0131c\u0131 \u00e7erezler ise sabit diskinizde uzun s\u00fcre kal\u0131r. Kal\u0131c\u0131 \u00e7erezleri silebilirsiniz ve hem oturum \u00e7erezlerini hem de kal\u0131c\u0131 \u00e7erezleri reddedebilirsiniz; bunun i\u00e7in taray\u0131c\u0131n\u0131z\u0131n \u201cyard\u0131m\u201d dosyas\u0131ndaki talimatlar\u0131 izleyebilir veya \u201cwww.allaboutcookies.org\u201d ya da \u201cwww.youronlinechoices.eu\u201d adreslerini ziyaret edebilirsiniz. Web sitesini veya mobil siteyi kullanmaya devam edebilirsiniz, ancak web sitesinin veya mobil sitenin sundu\u011fu t\u00fcm i\u015flevlere eri\u015fiminiz olmayabilir veya eri\u015fiminiz k\u0131s\u0131tl\u0131 olabilir.<\/p>\n\n\n\n<p><strong>Petros Hotel, reklam ve yeniden hedefleme i\u00e7in \u00fc\u00e7\u00fcnc\u00fc taraf \u00e7erezlerini nas\u0131l kullan\u0131r?<\/strong><br \/>\nPetros Hotel, arama motorlar\u0131nda, web sitesinde, mobil sitesinde ve\/veya reklam yay\u0131nlayan web sitelerinde size ilginizi \u00e7ekebilece\u011fini d\u00fc\u015f\u00fcnd\u00fc\u011f\u00fcm\u00fcz reklamlar\u0131 sunmak i\u00e7in \u201cReklam Teknolojisi\u201dni etkinle\u015ftirmek amac\u0131yla \u00e7erezler kullanabilir. Reklam Teknolojisi, \u201cPetros Hotel\u201din reklam yay\u0131nlad\u0131\u011f\u0131 web sitelerine\/mobil sitelere yapt\u0131\u011f\u0131n\u0131z \u00f6nceki ziyaretlerden toplanan bilgileri kullanarak size \u00f6zelle\u015ftirilmi\u015f veya \u00f6zel reklamlar sunar. Bu reklamlar sunulurken, taray\u0131c\u0131n\u0131za \u201cPetros Hotel\u2019in otel web siteleri\u201d taraf\u0131ndan tan\u0131nman\u0131z\u0131 sa\u011flayacak \u00fc\u00e7\u00fcnc\u00fc taraf \u00e7erezleri yerle\u015ftirilebilir. Sitelerimiz veya mobil sitelerimiz, Google, Inc (\u201cGoogle\u201d) taraf\u0131ndan sunulan bir web analiz hizmeti olan Google Analytics ve Google AdWords\u2019\u00fc de kullan\u0131r. Google Analytics ve Google AdWords, ziyaret\u00e7ilerin web sitesini\/mobil siteyi nas\u0131l kulland\u0131\u011f\u0131n\u0131 analiz etmek i\u00e7in \u00e7erezler kullan\u0131r. Bu web sitesini\/mobil siteyi kullan\u0131m\u0131n\u0131zla ilgili detaylar (IP adresiniz dahil) Google\u2019a aktar\u0131lacak ve g\u00fcvenli bir \u015fekilde saklanacakt\u0131r. Google, bu verileri web sitesini\/mobil siteyi kullan\u0131m\u0131n\u0131z\u0131 de\u011ferlendirmek, web sitesi\/mobil site operasyonlar\u0131n\u0131 toplamak ve web sitesi\/mobil site kullan\u0131m\u0131 ve internet kullan\u0131m\u0131yla ilgili di\u011fer hizmetleri sa\u011flamak i\u00e7in kullanacakt\u0131r. Ancak IP adresinizi Google taraf\u0131ndan saklanan di\u011fer verilerle e\u015fle\u015ftirmez. Analytics kullan\u0131m\u0131 hakk\u0131nda daha fazla bilgi i\u00e7in \u015fu ba\u011flant\u0131y\u0131 ziyaret edebilirsiniz: <a href=\"http:\/\/www.google.com\/intl\/tr\/policies\/privacy\/#infocollect\">http:\/\/www.google.com\/intl\/tr\/policies\/privacy\/#infocollect<\/a>.<\/p>\n\n\n\n<p><\/p>\n","protected":false},"excerpt":{"rendered":"<p>Y TUR\u0130ZM T\u0130CARET LTD. \u015eT\u0130. (Petros Hotel), web sitesi sahibi s\u0131fat\u0131yla \u00e7erezleri nas\u0131l kullanmaktad\u0131&#8230;<\/p>\n","protected":false},"author":1,"featured_media":0,"parent":0,"menu_order":0,"comment_status":"closed","ping_status":"closed","template":"","meta":{"footnotes":""},"class_list":["post-1192","page","type-page","status-publish","hentry"],"_links":{"self":[{"href":"https:\/\/petroshotel.com\/tr\/wp-json\/wp\/v2\/pages\/1192","targetHints":{"allow":["GET"]}}],"collection":[{"href":"https:\/\/petroshotel.com\/tr\/wp-json\/wp\/v2\/pages"}],"about":[{"href":"https:\/\/petroshotel.com\/tr\/wp-json\/wp\/v2\/types\/page"}],"author":[{"embeddable":true,"href":"https:\/\/petroshotel.com\/tr\/wp-json\/wp\/v2\/users\/1"}],"replies":[{"embeddable":true,"href":"https:\/\/petroshotel.com\/tr\/wp-json\/wp\/v2\/comments?post=1192"}],"version-history":[{"count":1,"href":"https:\/\/petroshotel.com\/tr\/wp-json\/wp\/v2\/pages\/1192\/revisions"}],"predecessor-version":[{"id":1203,"href":"https:\/\/petroshotel.com\/tr\/wp-json\/wp\/v2\/pages\/1192\/revisions\/1203"}],"wp:attachment":[{"href":"https:\/\/petroshotel.com\/tr\/wp-json\/wp\/v2\/media?parent=1192"}],"curies":[{"name":"wp","href":"https:\/\/api.w.org\/{rel}","templated":true}]}}