{"id":1194,"date":"2020-02-17T18:11:51","date_gmt":"2020-02-17T15:11:51","guid":{"rendered":"https:\/\/petroshotel.com\/website-term-of-use\/"},"modified":"2025-05-25T17:47:18","modified_gmt":"2025-05-25T14:47:18","slug":"kullanim-sartlari","status":"publish","type":"page","link":"https:\/\/petroshotel.com\/tr\/kullanim-sartlari\/","title":{"rendered":"Web Sitesi Kullan\u0131m \u015eartlar\u0131"},"content":{"rendered":"\n<p>Bu Web Sitesi Kullan\u0131m \u015eartlar\u0131 ve Gizlilik Politikas\u0131, <a href=\"https:\/\/petroshotel.com\/tr\/\">www.petroshotel.com<\/a> sitesi (bundan sonra &#8220;Web Sitesi&#8221; olarak an\u0131lacakt\u0131r) ile ilgili hizmetler sunulurken Web Sitesi\u2019nin kullan\u0131m \u015fartlar\u0131na ili\u015fkin politikam\u0131z\u0131 i\u00e7ermektedir.<\/p>\n\n\n\n<p>Web Sitesi kullan\u0131c\u0131s\u0131\/kullan\u0131c\u0131lar\u0131, Web Sitesi\u2019nde di\u011fer web sitelerine veya i\u00e7eriklere ba\u011flant\u0131lar olabilece\u011fini ve Y TUR\u0130ZM VE T\u0130C. LTD \u015eT\u0130 (PETROS HOTEL)\u2018nin bu sitelerin veya i\u00e7eriklerin kontrol\u00fc, do\u011frulu\u011fu veya uygunlu\u011fu ile herhangi bir ili\u015fkisi olmad\u0131\u011f\u0131n\u0131, Y TUR\u0130ZM VE T\u0130C. LTD \u015eT\u0130\u2019nin bu siteleri hi\u00e7bir \u015fekilde desteklemedi\u011fini veya do\u011fruluklar\u0131n\u0131 garanti etmedi\u011fini ve bu sitelerde yer alan i\u00e7eriklerden sorumlu olmad\u0131\u011f\u0131n\u0131, bu sitelerin kullan\u0131m\u0131ndan kaynaklanabilecek maddi veya manevi, olumlu veya olumsuz, olas\u0131 kay\u0131p veya zararlar i\u00e7in Y TUR\u0130ZM VE T\u0130C. LTD \u015eT\u0130\u2019nin sorumlu olmad\u0131\u011f\u0131n\u0131 kabul ve beyan eder.<\/p>\n\n\n\n<p>Web Sitesi kullan\u0131c\u0131s\u0131\/kullan\u0131c\u0131lar\u0131, Web Sitesi\u2019nde Y TUR\u0130ZM VE T\u0130C. LTD \u015eT\u0130\u2019ye veya \u00fc\u00e7\u00fcnc\u00fc bir \u015fah\u0131s ya da kurulu\u015fa ait metin, bilgi, yorum, g\u00f6r\u00fc\u015f, haber, g\u00f6r\u00fcnt\u00fc, resim, foto\u011fraf, grafik ve di\u011fer materyallerin yer alabilece\u011fini ve Y TUR\u0130ZM VE T\u0130C. LTD \u015eT\u0130\u2019nin bu materyallerle ilgili Fikir ve Sanat Eserleri Kanunu\u2019nda belirtilen haklar\u0131 sakl\u0131 tuttu\u011funu, bu materyallerin Y TUR\u0130ZM VE T\u0130C. LTD \u015eT\u0130\u2019nin izni olmadan kopyalanamayaca\u011f\u0131n\u0131, de\u011fi\u015ftirilemeyece\u011fini, \u00e7o\u011falt\u0131lamayaca\u011f\u0131n\u0131, yay\u0131nlanamayaca\u011f\u0131n\u0131, sat\u0131lamayaca\u011f\u0131n\u0131 veya kullan\u0131lamayaca\u011f\u0131n\u0131 ya da m\u00fcdahale edilemeyece\u011fini kabul ve beyan eder.<\/p>\n\n\n\n<p>Y TUR\u0130ZM VE T\u0130C. LTD \u015eT\u0130\u2019nin Web Sitesi\u2019nde g\u00f6sterilen \u00fccretler veya m\u00fcsaitlik durumu dahil ancak bunlarla s\u0131n\u0131rl\u0131 olmayan bilgiler, baz\u0131 teknik veya yaz\u0131m hatalar\u0131 ya da eksiklikler i\u00e7erebilir. Y TUR\u0130ZM VE T\u0130C. LTD \u015eT\u0130, Web Sitesi\u2019nde g\u00f6sterilen yaz\u0131m, foto\u011fraf, teknik veya fiyatland\u0131rma hatalar\u0131ndan (otel fiyatlar\u0131ndaki hatalar dahil ancak bunlarla s\u0131n\u0131rl\u0131 olmamak \u00fczere) sorumlu de\u011fildir. Y TUR\u0130ZM VE T\u0130C. LTD \u015eT\u0130, Web Sitesi\u2019nde ve bu bilgilerde tarif edilen \u00fcr\u00fcn ve programlarda, rezervasyon onay\u0131ndan sonraki d\u00f6nem de dahil olmak \u00fczere herhangi bir zamanda de\u011fi\u015fiklik, d\u00fczeltme ve\/veya iyile\u015ftirme yapma hakk\u0131n\u0131 sakl\u0131 tutar.<\/p>\n\n\n\n<p>Web Sitesi kullan\u0131c\u0131s\u0131\/kullan\u0131c\u0131lar\u0131, Web Sitesi\u2019ne girmeden \u00f6nce yukar\u0131daki Web Sitesi Kullan\u0131m \u015eartlar\u0131 ve Gizlilik Politikas\u0131\u2019n\u0131 okuduklar\u0131n\u0131, belirtilen t\u00fcm ko\u015fullara uyacaklar\u0131n\u0131 ve yukar\u0131dakilerle ilgili herhangi bir uyu\u015fmazl\u0131k, anla\u015fmazl\u0131k veya talep durumunda \u0130stanbul Mahkemeleri ve \u0130cra Daireleri\u2019nin yetkili oldu\u011funu, Web Sitesi\u2019nde yer alan i\u00e7eriklerin ve Y TUR\u0130ZM VE T\u0130C. LTD \u015eT\u0130\u2019ye ait t\u00fcm elektronik ortam ve kay\u0131tlar\u0131n ge\u00e7erli oldu\u011funu geri d\u00f6n\u00fclmez bir \u015fekilde kabul, beyan ve taahh\u00fct eder.<\/p>\n\n\n\n<p><strong>Y TUR\u0130ZM VE T\u0130C. LTD \u015eT\u0130.<\/strong><\/p>\n","protected":false},"excerpt":{"rendered":"<p>Bu Web Sitesi Kullan\u0131m \u015eartlar\u0131 ve Gizlilik Politikas\u0131, www.petroshotel.com sitesi (bundan sonra &#038;#8&#8230;<\/p>\n","protected":false},"author":1,"featured_media":0,"parent":0,"menu_order":0,"comment_status":"closed","ping_status":"closed","template":"","meta":{"footnotes":""},"class_list":["post-1194","page","type-page","status-publish","hentry"],"_links":{"self":[{"href":"https:\/\/petroshotel.com\/tr\/wp-json\/wp\/v2\/pages\/1194","targetHints":{"allow":["GET"]}}],"collection":[{"href":"https:\/\/petroshotel.com\/tr\/wp-json\/wp\/v2\/pages"}],"about":[{"href":"https:\/\/petroshotel.com\/tr\/wp-json\/wp\/v2\/types\/page"}],"author":[{"embeddable":true,"href":"https:\/\/petroshotel.com\/tr\/wp-json\/wp\/v2\/users\/1"}],"replies":[{"embeddable":true,"href":"https:\/\/petroshotel.com\/tr\/wp-json\/wp\/v2\/comments?post=1194"}],"version-history":[{"count":1,"href":"https:\/\/petroshotel.com\/tr\/wp-json\/wp\/v2\/pages\/1194\/revisions"}],"predecessor-version":[{"id":1204,"href":"https:\/\/petroshotel.com\/tr\/wp-json\/wp\/v2\/pages\/1194\/revisions\/1204"}],"wp:attachment":[{"href":"https:\/\/petroshotel.com\/tr\/wp-json\/wp\/v2\/media?parent=1194"}],"curies":[{"name":"wp","href":"https:\/\/api.w.org\/{rel}","templated":true}]}}