{"id":1196,"date":"2020-02-17T18:10:41","date_gmt":"2020-02-17T15:10:41","guid":{"rendered":"https:\/\/petroshotel.com\/cancellation-and-return-agreement\/"},"modified":"2025-05-25T17:47:18","modified_gmt":"2025-05-25T14:47:18","slug":"iptal-iade-sozlesmesi","status":"publish","type":"page","link":"https:\/\/petroshotel.com\/tr\/iptal-iade-sozlesmesi\/","title":{"rendered":"\u0130ptal ve \u0130ade S\u00f6zle\u015fmesi"},"content":{"rendered":"\n<p>T\u00fcketicinin konaklama ba\u015flang\u0131\u00e7 tarihinden 1 g\u00fcn \u00f6nce yapt\u0131\u011f\u0131 iptallerde, \u00fccret kesintisiz olarak T\u00fcketiciye iade edilir; s\u00fcresi i\u00e7inde yap\u0131lmayan rezervasyon iptallerinde 1 gecelik konaklama \u00fccreti tahsil edilir.<\/p>\n\n\n\n<p>T\u00fcketici, iade edilemeyen rezervasyonlarda \u00fccretin iade edilmeyece\u011fini; bu t\u00fcr durumlarda iptal \u00fccreti talep etmesi durumunda bunun uygulanmayaca\u011f\u0131n\u0131 ve PETROS HOTEL\u2019e toplam s\u00f6zle\u015fme \u00fccretini \u00f6demekle y\u00fck\u00fcml\u00fc oldu\u011funu beyan, kabul ve taahh\u00fct eder.<\/p>\n\n\n\n<p>T\u00fcketicinin hizmet de\u011fi\u015fikli\u011fi talebinde bulunmas\u0131 durumunda, bu de\u011fi\u015fikli\u011fin PETROS HOTEL taraf\u0131ndan onaylanmas\u0131 ko\u015fuluyla, T\u00fcketici, de\u011fi\u015fikli\u011fin onayland\u0131\u011f\u0131 anda \u00f6nceki ve yeni hizmet aras\u0131ndaki fiyat fark\u0131n\u0131 derhal \u00f6demekle y\u00fck\u00fcml\u00fcd\u00fcr.<\/p>\n\n\n\n<p>Ancak, yeni hizmetin fiyat\u0131 \u00f6nceki hizmetten d\u00fc\u015f\u00fckse, PETROS HOTEL fark\u0131 T\u00fcketiciye iade eder.<\/p>\n\n\n\n<p>T\u00fcketicinin veya birinci derece yak\u0131nlar\u0131n\u0131n konaklama s\u00fcresine denk gelen ve konaklamay\u0131 engelleyen sa\u011fl\u0131k sorunlar\u0131, tam te\u015fekk\u00fcll\u00fc bir devlet hastanesinden al\u0131nm\u0131\u015f resmi sa\u011fl\u0131k raporu veya \u00f6l\u00fcm durumunda gerek\u00e7eli bir belge ile kan\u0131tlan\u0131rsa rezervasyon iptal edilir; zorunlu vergiler, har\u00e7lar ve benzeri yasal y\u00fck\u00fcml\u00fcl\u00fcklerden kaynaklanan masraflar ile geri al\u0131nmas\u0131 m\u00fcmk\u00fcn olmayan ve belgelendirilebilir \u00fc\u00e7\u00fcnc\u00fc taraf \u00f6demeleri hari\u00e7, T\u00fcketici taraf\u0131ndan \u00f6denen \u00fccret iade edilir.<\/p>\n\n\n\n<p>Bu durumda, sa\u011fl\u0131k raporu ve di\u011fer belgeler hizmet ba\u015flamadan \u00f6nce sunulmal\u0131d\u0131r. T\u00fcketici, konaklaman\u0131n ba\u015flang\u0131\u00e7 tarihini ka\u00e7\u0131rd\u0131\u011f\u0131n\u0131 yaz\u0131l\u0131 olarak bildirirse, PETROS HOTEL, 24 saat sonra T\u00fcketici ad\u0131na yap\u0131lan t\u00fcm rezervasyonlar\u0131 ve hizmetleri iptal etme hakk\u0131na sahiptir.<\/p>\n\n\n\n<p>Bu t\u00fcr iptallerde T\u00fcketiciye \u00fccret iadesi yap\u0131lmaz.<\/p>\n\n\n\n<p>Otel, \u00f6demeler i\u00e7in VISA ve MASTERCARD kredi kartlar\u0131n\u0131 kabul eder ve var\u0131\u015f \u00f6ncesi belirli bir miktar\u0131 \u00e7ekme hakk\u0131n\u0131 sakl\u0131 tutar.<\/p>\n","protected":false},"excerpt":{"rendered":"<p>T\u00fcketicinin konaklama ba\u015flang\u0131\u00e7 tarihinden 1 g\u00fcn \u00f6nce yapt\u0131\u011f\u0131 iptallerde, \u00fccret kesintisiz olarak T\u00fc&#8230;<\/p>\n","protected":false},"author":1,"featured_media":0,"parent":0,"menu_order":0,"comment_status":"closed","ping_status":"closed","template":"","meta":{"footnotes":""},"class_list":["post-1196","page","type-page","status-publish","hentry"],"_links":{"self":[{"href":"https:\/\/petroshotel.com\/tr\/wp-json\/wp\/v2\/pages\/1196","targetHints":{"allow":["GET"]}}],"collection":[{"href":"https:\/\/petroshotel.com\/tr\/wp-json\/wp\/v2\/pages"}],"about":[{"href":"https:\/\/petroshotel.com\/tr\/wp-json\/wp\/v2\/types\/page"}],"author":[{"embeddable":true,"href":"https:\/\/petroshotel.com\/tr\/wp-json\/wp\/v2\/users\/1"}],"replies":[{"embeddable":true,"href":"https:\/\/petroshotel.com\/tr\/wp-json\/wp\/v2\/comments?post=1196"}],"version-history":[{"count":1,"href":"https:\/\/petroshotel.com\/tr\/wp-json\/wp\/v2\/pages\/1196\/revisions"}],"predecessor-version":[{"id":1205,"href":"https:\/\/petroshotel.com\/tr\/wp-json\/wp\/v2\/pages\/1196\/revisions\/1205"}],"wp:attachment":[{"href":"https:\/\/petroshotel.com\/tr\/wp-json\/wp\/v2\/media?parent=1196"}],"curies":[{"name":"wp","href":"https:\/\/api.w.org\/{rel}","templated":true}]}}