{"id":1198,"date":"2020-02-27T16:48:07","date_gmt":"2020-02-27T13:48:07","guid":{"rendered":"https:\/\/petroshotel.com\/statement-and-policy-of-security\/"},"modified":"2025-05-25T17:47:18","modified_gmt":"2025-05-25T14:47:18","slug":"gizlilik-guvenlik-politikasi","status":"publish","type":"page","link":"https:\/\/petroshotel.com\/tr\/gizlilik-guvenlik-politikasi\/","title":{"rendered":"Gizlilik ve G\u00fcvenlik Politikas\u0131"},"content":{"rendered":"\n<p><a href=\"https:\/\/petroshotel.com\/tr\/\">www.petroshotel.com<\/a>, t\u00fcm misafirlerinin g\u00fcvenli ve keyifli bir konaklama deneyimi ya\u015famas\u0131n\u0131 sa\u011flamak i\u00e7in \u00e7e\u015fitli g\u00fcvenlik \u00f6nlemleri uygulamaktad\u0131r. Kredi kart\u0131 bilgileriniz yaln\u0131zca <a href=\"https:\/\/www.petroshotel.com\/\">www.petroshotel.com<\/a> \u00fczerinden rezervasyon i\u015flemi s\u0131ras\u0131nda kullan\u0131l\u0131r ve kesinlikle herhangi bir veri taban\u0131nda saklanmaz.<\/p>\n\n\n\n<p>Gizli bilgilerin yaln\u0131zca <a href=\"https:\/\/www.petroshotel.com\/\">www.petroshotel.com<\/a> adresine g\u00f6nderilmesini sa\u011flamak i\u00e7in, aktar\u0131lan bilgilerin gizlili\u011fini korumak amac\u0131yla 128 bit SSL Sertifikas\u0131 kullan\u0131lmaktad\u0131r.<\/p>\n\n\n\n<p>Bu g\u00fcvenlik beyan\u0131, Y TUR\u0130ZM VE T\u0130C. LTD. \u015eT\u0130. (PETROS HOTEL) taraf\u0131ndan i\u015fletilen t\u00fcm internet siteleri i\u00e7in ge\u00e7erlidir. Herhangi bir sorunuz varsa, l\u00fctfen bizimle ileti\u015fime ge\u00e7mekten \u00e7ekinmeyin.<\/p>\n","protected":false},"excerpt":{"rendered":"<p>www.petroshotel.com, t\u00fcm misafirlerinin g\u00fcvenli ve keyifli bir konaklama deneyimi ya\u015famas\u0131n\u0131 sa\u011flama&#8230;<\/p>\n","protected":false},"author":1,"featured_media":0,"parent":0,"menu_order":0,"comment_status":"closed","ping_status":"closed","template":"","meta":{"footnotes":""},"class_list":["post-1198","page","type-page","status-publish","hentry"],"_links":{"self":[{"href":"https:\/\/petroshotel.com\/tr\/wp-json\/wp\/v2\/pages\/1198","targetHints":{"allow":["GET"]}}],"collection":[{"href":"https:\/\/petroshotel.com\/tr\/wp-json\/wp\/v2\/pages"}],"about":[{"href":"https:\/\/petroshotel.com\/tr\/wp-json\/wp\/v2\/types\/page"}],"author":[{"embeddable":true,"href":"https:\/\/petroshotel.com\/tr\/wp-json\/wp\/v2\/users\/1"}],"replies":[{"embeddable":true,"href":"https:\/\/petroshotel.com\/tr\/wp-json\/wp\/v2\/comments?post=1198"}],"version-history":[{"count":1,"href":"https:\/\/petroshotel.com\/tr\/wp-json\/wp\/v2\/pages\/1198\/revisions"}],"predecessor-version":[{"id":1206,"href":"https:\/\/petroshotel.com\/tr\/wp-json\/wp\/v2\/pages\/1198\/revisions\/1206"}],"wp:attachment":[{"href":"https:\/\/petroshotel.com\/tr\/wp-json\/wp\/v2\/media?parent=1198"}],"curies":[{"name":"wp","href":"https:\/\/api.w.org\/{rel}","templated":true}]}}