{"id":1200,"date":"2020-02-27T16:44:55","date_gmt":"2020-02-27T13:44:55","guid":{"rendered":"https:\/\/petroshotel.com\/distant-service-sales-agreement\/"},"modified":"2025-05-25T17:47:25","modified_gmt":"2025-05-25T14:47:25","slug":"mesafeli-satis-sozlesmesi","status":"publish","type":"page","link":"https:\/\/petroshotel.com\/tr\/mesafeli-satis-sozlesmesi\/","title":{"rendered":"Mesafeli Hizmet Sat\u0131\u015f S\u00f6zle\u015fmesi"},"content":{"rendered":"\n<p>\u015eirket Unvan\u0131: Y TUR\u0130ZM VE T\u0130C. LTD \u015eT\u0130 (PETROS HOTEL)<br \/>\nVergi Dairesi: BEYO\u011eLU<br \/>\nVergi Numaras\u0131: 926 088 3317<br \/>\nMERS\u0130S Numaras\u0131:<br \/>\nAdres: H\u00fcseyina\u011fa Mah., B\u00fcy\u00fckbayram Sokak No:22 Beyo\u011flu\/\u0130stanbul<br \/>\nTelefon: +90 212 251 79 80<br \/>\nFaks: +90 212 251 79 90<br \/>\nE-posta: info@petroshotel.com<br \/>\nWeb: www.petroshotel.com<br \/>\n1.2. T\u00fcketici Bilgileri<br \/>\nAd:<br \/>\nSoyad:<br \/>\nT.C. Kimlik Numaras\u0131:<br \/>\nPasaport No.:<br \/>\nAdres:<br \/>\nTelefon:<br \/>\nE-posta:<\/p>\n\n\n\n<p>Bu s\u00f6zle\u015fme, H\u00fcseyina\u011fa Mah., B\u00fcy\u00fckbayram Sokak No:22 Beyo\u011flu\/\u0130stanbul adresinde bulunan ve +90 212 251 79 80 numaral\u0131 ileti\u015fim telefonunu kullanan Y TUR\u0130ZM VE T\u0130C. LTD \u015eT\u0130 (PETROS HOTEL) (bundan sonra PETROS HOTEL olarak an\u0131lacakt\u0131r) ile www.petroshotel.com web sitesine giri\u015f yaparak rezervasyon i\u015flemini tamamlayan birey (bundan sonra T\u00dcKET\u0130C\u0130 olarak an\u0131lacakt\u0131r) aras\u0131nda imzalanm\u0131\u015ft\u0131r. S\u00f6zle\u015fme, t\u00fcketicinin giri\u015f i\u015flemi s\u0131ras\u0131nda sa\u011flad\u0131\u011f\u0131 adres, kimlik ve ileti\u015fim bilgilerine dayan\u0131r.<\/p>\n\n\n\n<p>1- Web sitemiz \u00fczerinden konaklama hizmeti sat\u0131n alan T\u00fcketici, hizmetin toplam \u00fccretini derhal \u00f6demekle y\u00fck\u00fcml\u00fcd\u00fcr. Toplam \u00f6deme yap\u0131lmadan rezervasyon kesinle\u015fmi\u015f say\u0131lmaz.<\/p>\n\n\n\n<p>2- S\u00f6zle\u015fme \u00fccretinde herhangi bir art\u0131\u015f olmas\u0131 durumunda, fark T\u00fcketiciden talep edilmeyecektir. \u00d6te yandan, PETROS HOTEL taraf\u0131ndan \u201ckampanya\u201d olarak adland\u0131r\u0131lan indirimler T\u00fcketiciye iade edilmeyecektir.<\/p>\n\n\n\n<p>3- T\u00fcketici, sat\u0131n ald\u0131\u011f\u0131 konaklama hizmeti tarihine kat\u0131lamamas\u0131 durumunda, konaklama ba\u015flang\u0131\u00e7 tarihinden en ge\u00e7 7 g\u00fcn \u00f6nce PETROS HOTEL\u2019i bilgilendirerek rezervasyonunu s\u00f6zle\u015fmenin t\u00fcm \u015fartlar\u0131n\u0131 ve ko\u015fullar\u0131n\u0131 yerine getirecek \u00fc\u00e7\u00fcnc\u00fc bir \u015fahsa devredebilir. Bu durumda, devreden ve devralan, devir i\u015fleminden kaynaklanan bakiye tutar ve t\u00fcm ek masraflar i\u00e7in PETROS HOTEL\u2019e kar\u015f\u0131 m\u00fcteselsilen sorumludur. T\u00fcketicilerin vize alamamas\u0131 veya konaklama tarihine kadar vize ba\u015fvurusu yapm\u0131\u015f olmalar\u0131na ra\u011fmen vize alamamas\u0131 durumunda PETROS HOTEL herhangi bir sorumluluk kabul etmez ve konaklama \u00fccretinin tamam\u0131n\u0131 devreden ve devralandan (m\u00fcteselsilen) tahsil eder. Devralan\u0131n devredenle ayn\u0131 stat\u00fcye sahip olmamas\u0131 durumunda devir i\u015flemi ger\u00e7ekle\u015ftirilmez veya zaten uygulanm\u0131\u015f \u00f6zel indirimler iptal edilerek devir tamamlan\u0131r.<\/p>\n\n\n\n<p>4- PETROS HOTEL, T\u00fcketiciden kaynaklanmayan nedenlerle, hizmet \u00f6ncesinde veya s\u0131ras\u0131nda rezervasyonu k\u0131smen\/tamamen de\u011fi\u015ftirebilir veya iptal edebilir. T\u00fcketici, bu de\u011fi\u015fiklikleri kabul edebilir veya PETROS HOTEL taraf\u0131ndan \u00f6nerilen alternatif bir hizmeti kabul edebilir. T\u00fcketici de\u011fi\u015fiklikleri kabul etmezse, rezervasyonunu iptal etme ve s\u00f6zle\u015fme \u00e7er\u00e7evesinde \u00f6dedi\u011fi t\u00fcm \u00fccreti geri alma hakk\u0131na sahiptir. PETROS HOTEL, grev, ter\u00f6r, sava\u015f ihtimali, \u00f6ng\u00f6r\u00fclemeyen teknik sorunlar ve hizmetin ba\u015flamas\u0131n\u0131 veya devam\u0131n\u0131 engelleyen benzer m\u00fccbir sebep durumlar\u0131nda, gereken \u00f6zeni g\u00f6stermi\u015f olmas\u0131na ra\u011fmen rezervasyonu iptal edebilir veya erteleyebilir. T\u00fcketicinin konaklama ba\u015flang\u0131\u00e7 tarihinden 2 g\u00fcn \u00f6nce yapt\u0131\u011f\u0131 iptallerde \u00fccret kesintisiz olarak iade edilir; s\u00fcresi i\u00e7inde yap\u0131lmayan rezervasyon iptallerinde 1 gecelik konaklama \u00fccreti tahsil edilir. T\u00fcketici, iade edilemeyen rezervasyonlarda \u00fccretin iade edilmeyece\u011fini, bu t\u00fcr durumlarda iptal \u00fccreti talep etmesi durumunda bunun uygulanmayaca\u011f\u0131n\u0131 ve PETROS HOTEL\u2019e toplam s\u00f6zle\u015fme \u00fccretini \u00f6demekle y\u00fck\u00fcml\u00fc oldu\u011funu beyan, kabul ve taahh\u00fct eder. T\u00fcketicinin hizmet de\u011fi\u015fikli\u011fi talebinde bulunmas\u0131 durumunda, bu de\u011fi\u015fikli\u011fin PETROS HOTEL taraf\u0131ndan onaylanmas\u0131 ko\u015fuluyla, T\u00fcketici, de\u011fi\u015fikli\u011fin onayland\u0131\u011f\u0131 anda \u00f6nceki ve yeni hizmet aras\u0131ndaki fiyat fark\u0131n\u0131 derhal \u00f6demekle y\u00fck\u00fcml\u00fcd\u00fcr. Ancak, yeni hizmetin fiyat\u0131 \u00f6nceki hizmetten d\u00fc\u015f\u00fckse, PETROS HOTEL fark\u0131 T\u00fcketiciye iade eder. T\u00fcketicinin veya birinci derece yak\u0131nlar\u0131n\u0131n konaklama s\u00fcresine denk gelen ve konaklamay\u0131 engelleyen sa\u011fl\u0131k sorunlar\u0131, tam te\u015fekk\u00fcll\u00fc bir devlet hastanesinden al\u0131nm\u0131\u015f resmi sa\u011fl\u0131k raporu veya \u00f6l\u00fcm durumunda gerek\u00e7eli bir belge ile kan\u0131tlan\u0131rsa rezervasyon iptal edilir; zorunlu vergiler, har\u00e7lar ve benzeri yasal y\u00fck\u00fcml\u00fcl\u00fcklerden kaynaklanan masraflar ile geri al\u0131nmas\u0131 m\u00fcmk\u00fcn olmayan ve belgelendirilebilir \u00fc\u00e7\u00fcnc\u00fc taraf \u00f6demeleri hari\u00e7, T\u00fcketici taraf\u0131ndan \u00f6denen \u00fccret iade edilir. Bu durumda, sa\u011fl\u0131k raporu ve di\u011fer belgeler hizmet ba\u015flamadan \u00f6nce sunulmal\u0131d\u0131r. T\u00fcketici, konaklaman\u0131n ba\u015flang\u0131\u00e7 tarihini ka\u00e7\u0131rd\u0131\u011f\u0131n\u0131 yaz\u0131l\u0131 olarak bildirirse, PETROS HOTEL, 24 saat sonra T\u00fcketici ad\u0131na yap\u0131lan t\u00fcm rezervasyonlar\u0131 ve hizmetleri iptal etme hakk\u0131na sahiptir. Bu t\u00fcr iptallerde T\u00fcketiciye \u00fccret iadesi yap\u0131lmaz.<\/p>\n\n\n\n<p>5- PETROS HOTEL ve T\u00fcketici, bu s\u00f6zle\u015fmeden kaynaklanan y\u00fck\u00fcml\u00fcl\u00fcklerini gereken \u00f6zenle yerine getirecektir.<\/p>\n\n\n\n<p>6- PETROS HOTEL, bu s\u00f6zle\u015fmenin 8. maddesinde belirtildi\u011fi \u00fczere, hizmetin niteli\u011fi, sat\u0131\u015f fiyat\u0131 ve \u00f6deme ko\u015fullar\u0131n\u0131 i\u00e7eren \u00d6n Bilgilendirme Formu\/Belge\/E-posta\u2019y\u0131 T\u00fcketiciye iletmekle y\u00fck\u00fcml\u00fcd\u00fcr. PETROS HOTEL, T\u00fcketiciden ve \u00fc\u00e7\u00fcnc\u00fc \u015fah\u0131slar\u0131n ki\u015fisel sorumluluklar\u0131ndan kaynaklanan durumlardan sorumlu de\u011fildir.<\/p>\n\n\n\n<p>7- Kredi kart\u0131yla hizmet sat\u0131n alan T\u00fcketiciler, erken \u00f6deme veya taksit azaltma taleplerini kredi kart\u0131n\u0131n ait oldu\u011fu bankaya iletmekle ve bankan\u0131n belirledi\u011fi \u015fubelere \u00f6demeleri yapmakla sorumludur. T\u00fcketicilerin herhangi bir nedenle taksitli kredi kart\u0131yla sat\u0131n ald\u0131klar\u0131 bir hizmeti iptal etmeleri durumunda, PETROS HOTEL, kredi kart\u0131ndan tahsil etti\u011fi \u00fccreti T\u00fcketicinin kredi kart\u0131na iade eder. \u0130ade, bankalar\u0131n i\u015f ko\u015fullar\u0131na ba\u011fl\u0131 olarak T\u00fcketicinin kredi kart\u0131na yap\u0131l\u0131r. Taksitli \u00f6demelerin iadesinde banka ko\u015fullar\u0131 dikkate al\u0131n\u0131r ve taksitli kredi kart\u0131na iade durumunda PETROS HOTEL\u2019in herhangi bir sorumlulu\u011fu veya m\u00fcdahale imk\u00e2n\u0131 yoktur.<\/p>\n\n\n\n<p>8- PETROS HOTEL, T\u00fcketiciye t\u00fcm bilgilendirmeleri yaz\u0131l\u0131 olarak veya kal\u0131c\u0131 veri sa\u011flay\u0131c\u0131s\u0131 (e-posta, k\u0131sa mesaj, disk, CD\/DVD, haf\u0131za kart\u0131 ve benzeri cihazlar veya ortamlar) arac\u0131l\u0131\u011f\u0131yla manuel olarak yapabilir. T\u00fcketici, \u00f6zen y\u00fck\u00fcml\u00fcl\u00fc\u011f\u00fc gere\u011fi, s\u00f6zle\u015fmenin yerine getirilmemesi veya gere\u011fi gibi yerine getirilmemesi durumunda, hizmetin y\u00fcr\u00fct\u00fclmesi gereken tarihten veya y\u00fcr\u00fct\u00fclmesi gereken tarihten itibaren 30 g\u00fcn i\u00e7inde PETROS HOTEL\u2019i bilgilendirmekle y\u00fck\u00fcml\u00fcd\u00fcr. Bu s\u00fcre sonras\u0131nda sa\u011flanan t\u00fcm bilgiler ge\u00e7ersiz say\u0131l\u0131r. T\u00fcketici, rezervasyon i\u015flemi s\u0131ras\u0131nda PETROS HOTEL \u00e7al\u0131\u015fanlar\u0131na ve\/veya web sitelerine verdi\u011fi cep telefonu, e-posta, faks vb. ileti\u015fim bilgilerinin, web sitesi kampanya b\u00fclten mesajlar\u0131na izin verdi\u011fini kabul ve beyan eder. T\u00fcketici, ileti\u015fim kanallar\u0131nda duyuru ve bildirim almak istemedi\u011fini belirtirse, PETROS HOTEL e-posta, SMS, faks ve posta mesajlar\u0131n\u0131 durdurmay\u0131 taahh\u00fct eder.<\/p>\n\n\n\n<p>9- Bu s\u00f6zle\u015fmeden kaynaklanabilecek herhangi bir uyu\u015fmazl\u0131k durumunda yetki, T\u00fcrkiye Cumhuriyeti \u0130cra Daireleri ve Mahkemeleri, \u0130stanbul T\u00fcketici Hakem Heyetleri ve yasalarca yetkili k\u0131l\u0131nan di\u011fer kurulu\u015flardad\u0131r. S\u00f6zle\u015fmenin bir veya birden fazla maddesinin herhangi bir nedenle ge\u00e7ersiz hale gelmesi durumunda, s\u00f6zle\u015fmenin di\u011fer maddeleri bu durumdan etkilenmez ve y\u00fcr\u00fcrl\u00fckte kal\u0131r. Bu s\u00f6zle\u015fme, 6502 say\u0131l\u0131 T\u00fcketicinin Korunmas\u0131 Hakk\u0131nda Kanun h\u00fck\u00fcmlerine g\u00f6re d\u00fczenlenmi\u015ftir ve bu s\u00f6zle\u015fmede yer almayan h\u00fck\u00fcmler, 6502 say\u0131l\u0131 Kanun ve ilgili y\u00f6netmelik h\u00fck\u00fcmlerine tabidir. T\u00fcketici, bu s\u00f6zle\u015fmeyi imzalad\u0131ktan\/elektronik ortamda onaylad\u0131ktan sonra s\u00f6zle\u015fme h\u00fck\u00fcmlerini kabul ve taahh\u00fct etmi\u015f say\u0131l\u0131r.<\/p>\n","protected":false},"excerpt":{"rendered":"<p>\u015eirket Unvan\u0131: Y TUR\u0130ZM VE T\u0130C. LTD \u015eT\u0130 (PETROS HOTEL) Vergi Dairesi: BEYO\u011eLU Vergi Numaras\u0131: 926 08&#8230;<\/p>\n","protected":false},"author":1,"featured_media":0,"parent":0,"menu_order":0,"comment_status":"closed","ping_status":"closed","template":"","meta":{"footnotes":""},"class_list":["post-1200","page","type-page","status-publish","hentry"],"_links":{"self":[{"href":"https:\/\/petroshotel.com\/tr\/wp-json\/wp\/v2\/pages\/1200","targetHints":{"allow":["GET"]}}],"collection":[{"href":"https:\/\/petroshotel.com\/tr\/wp-json\/wp\/v2\/pages"}],"about":[{"href":"https:\/\/petroshotel.com\/tr\/wp-json\/wp\/v2\/types\/page"}],"author":[{"embeddable":true,"href":"https:\/\/petroshotel.com\/tr\/wp-json\/wp\/v2\/users\/1"}],"replies":[{"embeddable":true,"href":"https:\/\/petroshotel.com\/tr\/wp-json\/wp\/v2\/comments?post=1200"}],"version-history":[{"count":1,"href":"https:\/\/petroshotel.com\/tr\/wp-json\/wp\/v2\/pages\/1200\/revisions"}],"predecessor-version":[{"id":1207,"href":"https:\/\/petroshotel.com\/tr\/wp-json\/wp\/v2\/pages\/1200\/revisions\/1207"}],"wp:attachment":[{"href":"https:\/\/petroshotel.com\/tr\/wp-json\/wp\/v2\/media?parent=1200"}],"curies":[{"name":"wp","href":"https:\/\/api.w.org\/{rel}","templated":true}]}}