{"id":1202,"date":"2020-03-09T11:33:32","date_gmt":"2020-03-09T08:33:32","guid":{"rendered":"https:\/\/petroshotel.com\/the-protection-of-personal-data\/"},"modified":"2025-05-25T17:47:25","modified_gmt":"2025-05-25T14:47:25","slug":"kisisel-verilerin-korunmasi","status":"publish","type":"page","link":"https:\/\/petroshotel.com\/tr\/kisisel-verilerin-korunmasi\/","title":{"rendered":"Ki\u015fisel Verilerin Korunmas\u0131"},"content":{"rendered":"\n\nBu bilgi beyan\u0131, Y Turizm Ticaret Ltd. \u015eti. (Petros Hotel) taraf\u0131ndan veri sorumlusu s\u0131fat\u0131yla payla\u015f\u0131lan ki\u015fisel verilerinizin i\u015flenme s\u00fcreci hakk\u0131nda detayl\u0131 bilgi vermek amac\u0131yla, Ki\u015fisel Verilerin Korunmas\u0131 Kanunu (\u201cKanun\u201d) uyar\u0131nca haz\u0131rlanm\u0131\u015ft\u0131r.\n\n\n\n\n\n<strong>Ki\u015fisel Verilerin Korunmas\u0131 Kanunu Hakk\u0131nda K\u0131sa Bilgi<\/strong>\n\n\n\n\n\n\u015eirketimiz ve i\u015f yerimiz Y Turizm Ticaret Ltd. \u015eti. (Petros Hotel), ki\u015fisel verilerinizin toplanmas\u0131, saklanmas\u0131 ve payla\u015f\u0131lmas\u0131nda en \u00fcst d\u00fczey g\u00fcvenlik \u00f6nlemlerini almakta ve gizlili\u011fini sa\u011flamaktad\u0131r.\n\n\n\n\n\nAmac\u0131m\u0131z; 6698 say\u0131l\u0131 Ki\u015fisel Verilerin Korunmas\u0131 Kanunu\u2019nun 10. maddesi uyar\u0131nca ve sizin memnuniyetiniz do\u011frultusunda, ki\u015fisel verilerinizin nas\u0131l topland\u0131\u011f\u0131, neden i\u015flendi\u011fi, kimlerle payla\u015f\u0131ld\u0131\u011f\u0131, hukuki sebepler ve haklar\u0131n\u0131z hakk\u0131nda tam bir \u015feffafl\u0131kla bilgilendirmektir.\n\n\n\n\n\n<strong>a) Veri Sorumlusu<\/strong>\n\n\n\n\n\n6698 say\u0131l\u0131 Ki\u015fisel Verilerin Korunmas\u0131 Kanunu (\u201c6698 say\u0131l\u0131 Kanun\u201d) uyar\u0131nca ki\u015fisel verileriniz; veri sorumlusu s\u0131fat\u0131yla Y Turizm Ticaret Ltd. \u015eti. (Petros Hotel) taraf\u0131ndan toplanacak ve i\u015flenecektir.\n\n\n\n\n\n<strong>b) Hangi Ki\u015fisel Veriler Toplanacak<\/strong>\n\n\n\n\n\nToplanacak ki\u015fisel veriler a\u015fa\u011f\u0131daki bilgileri i\u00e7erebilir:\n\n\n\n\n<ul class=\"wp-block-list\">\n \t<li>Kimlik bilgileri (Ad, soyad, cinsiyet, unvan, do\u011fum yeri ve tarihi, uyruk; pasaport, vize veya devlet taraf\u0131ndan verilen di\u011fer kimlik belgelerinizde yer alan di\u011fer kimlik bilgileri);<\/li>\n \t<li>\u0130leti\u015fim bilgileri (Ev ve i\u015f adresi, telefon numaras\u0131 ve e-posta adresi, seyahat acenteleri veya benzeri tedarik\u00e7iler gibi \u00fc\u00e7\u00fcnc\u00fc taraf i\u015f ortaklar\u0131m\u0131zdan elde edilebilecek di\u011fer ileti\u015fim bilgileri);<\/li>\n \t<li>Tercihleriniz ve ilgi alanlar\u0131n\u0131z (Kald\u0131\u011f\u0131n\u0131z oteller, giri\u015f ve \u00e7\u0131k\u0131\u015f tarihleri, sat\u0131n ald\u0131\u011f\u0131n\u0131z \u00fcr\u00fcn ve hizmetler, \u00f6zel talepler, hizmet tercihleri, konaklama hizmetleri, oda tipi, tercih edilen kat, gazete\/dergi, spor ve k\u00fclt\u00fcrel ilgi alanlar\u0131, tesisler, tatil tercihleri, talep edilen hizmetler, \u00e7ocuklar\u0131n ya\u015f\u0131 veya kulland\u0131\u011f\u0131n\u0131z hizmetlerin di\u011fer y\u00f6nleriyle ilgili bilgiler ve g\u00f6zlemler);<\/li>\n \t<li>Otelde konaklaman\u0131z s\u0131ras\u0131nda sa\u011flad\u0131\u011f\u0131m\u0131z telefon hizmetlerine ba\u011fland\u0131\u011f\u0131n\u0131zda arad\u0131\u011f\u0131n\u0131z telefon numaralar\u0131, g\u00f6nderilen\/ al\u0131nan fakslar veya telefon mesajlar\u0131;<\/li>\n \t<li>Kredi kart\u0131 numaralar\u0131 ve banka kart\u0131 numaralar\u0131;<\/li>\n \t<li>E\u011fer bir kurumsal hesab\u0131n \u00e7al\u0131\u015fan\u0131, tedarik\u00e7isi veya ba\u015fka bir t\u00fcr orta\u011f\u0131ysan\u0131z, \u00e7al\u0131\u015fan verileri veya ilgili di\u011fer veriler (\u00f6rne\u011fin, seyahat acentesi veya toplant\u0131 ve etkinlik organizat\u00f6r\u00fc);<\/li>\n \t<li>Sosyal medya hesap verileri veya kullan\u0131c\u0131 kimli\u011fi;<\/li>\n \t<li>E\u011fer ba\u015fkalar\u0131na ait ki\u015fisel verileri bize veya hizmet sa\u011flay\u0131c\u0131lar\u0131m\u0131za sunuyorsan\u0131z (\u00f6rne\u011fin, ba\u015fka biri i\u00e7in rezervasyon yaparken), bu verileri payla\u015fmaya yetkili oldu\u011funuzu ve bu verilerin bu bilgilendirme uyar\u0131nca kullan\u0131lmas\u0131n\u0131 kabul etti\u011finizi beyan edersiniz.<\/li>\n<\/ul>\n\n\n\n\n<strong>c) Ki\u015fisel Veriler Ne Zaman Toplanacak<\/strong>\n\n\n\n\n\n<strong>Ki\u015fisel veriler a\u015fa\u011f\u0131daki durumlarda toplanabilir:<\/strong>\n\n\n\n\n<ul class=\"wp-block-list\">\n \t<li><strong>Otel faaliyetleri:<\/strong>\n<ul>\n \t<li><strong>Oda rezervasyonlar\u0131<\/strong><\/li>\n<\/ul>\n<ul>\n \t<li><strong>Giri\u015f ve \u00f6deme i\u015flemleri<\/strong><\/li>\n<\/ul>\n<ul>\n \t<li><strong>Konaklama s\u0131ras\u0131nda otelin bar\u0131nda veya restoran\u0131nda yiyecek\/i\u00e7ecek t\u00fcketimi<\/strong><\/li>\n<\/ul>\n<ul>\n \t<li><strong>Talepler, \u015fikayetler ve\/veya anla\u015fmazl\u0131klar<\/strong><\/li>\n<\/ul>\n<\/li>\n \t<li><strong>Pazarlama programlar\u0131na veya etkinliklere kat\u0131l\u0131m:<\/strong>\n<ul>\n \t<li><strong>Sadakat programlar\u0131na kay\u0131t<\/strong><\/li>\n<\/ul>\n<ul>\n \t<li><strong>M\u00fc\u015fteri anketlerine kat\u0131l\u0131m (\u00f6rne\u011fin, misafir memnuniyet anketi)<\/strong><\/li>\n<\/ul>\n<ul>\n \t<li><strong>E-posta yoluyla teklif ve promosyon almak i\u00e7in b\u00fcltenlere abone olma<\/strong><\/li>\n<\/ul>\n<\/li>\n \t<li><strong>\u00dc\u00e7\u00fcnc\u00fc taraflardan bilgi aktar\u0131m\u0131:<\/strong>\n<ul>\n \t<li><strong>Tur operat\u00f6rleri, seyahat acenteleri, rezervasyon sistemleri ve di\u011ferleri<\/strong><\/li>\n<\/ul>\n<\/li>\n \t<li><strong>\u0130nternet faaliyetleri:<\/strong>\n<ul>\n \t<li><strong>Petros Hotel web sitelerine ba\u011flant\u0131 (IP adresleri, kimlik bilgileri)<\/strong><\/li>\n<\/ul>\n<ul>\n \t<li><strong>\u00c7evrimi\u00e7i formlar (\u00e7evrimi\u00e7i rezervasyon, anketler, sosyal a\u011flardaki Petros Hotel sayfalar\u0131)<\/strong><\/li>\n<\/ul>\n<\/li>\n<\/ul>\n\n\n\n\n<strong>\u00e7) Ki\u015fisel Verilerin \u0130\u015flenme Amac\u0131<\/strong>\n\n\n\n\n\nPotansiyel m\u00fc\u015fteriler, misafirler, \u00e7al\u0131\u015fan adaylar\u0131, \u00e7al\u0131\u015fanlar, ortaklar, seyahat acenteleri, tur operat\u00f6rleri ve tedarik\u00e7iler gibi taraflardan ki\u015fisel veriler toplanabilir.\n\n\n\n\n\nToplanan ki\u015fisel verileriniz, 6698 say\u0131l\u0131 Kanun\u2019un 5 ve 6. maddelerinde belirtilen ko\u015fullar ve ama\u00e7lar do\u011frultusunda i\u015flenecektir.\n\n\n\n\n\n&#8211; Petros Hotel\u2019in \u00fcr\u00fcn ve hizmetlerini sunmak, size kar\u015f\u0131 y\u00fck\u00fcml\u00fcl\u00fcklerimizi yerine getirmek, kay\u0131t ve belgeleri d\u00fczenlemek, ulusal ve uluslararas\u0131 mevzuatlar\u0131n gerektirdi\u011fi veri saklama, raporlama, bilgilendirme, vergi ve di\u011fer y\u00fck\u00fcml\u00fcl\u00fcklere uymak,\n\n\n\n\n\n&#8211; Otel konaklamalar\u0131n\u0131z\u0131 y\u00f6netmek: Kulland\u0131\u011f\u0131n\u0131z hizmetleri takip etmek (telefon, bar, \u00fccretli TV vb.), oda eri\u015fimini y\u00f6netmek, otelimizde konaklama s\u0131ras\u0131nda uygunsuz davran\u0131\u015f sergileyen misafirlerin listelerinin i\u00e7 y\u00f6netimi (agresif ve antisosyal davran\u0131\u015flar, otel s\u00f6zle\u015fmesine uymama, g\u00fcvenlik kurallar\u0131na uymama, h\u0131rs\u0131zl\u0131k, zarar ve vandalizm olaylar\u0131),\n\n\n\n\n\n&#8211; Petros Hotel hizmetlerinin varl\u0131\u011f\u0131n\u0131 belirlemek,\n\n\n\n\n\n&#8211; Hizmet ve \u00fcr\u00fcn kalitesini art\u0131rmak i\u00e7in sat\u0131\u015f ve pazarlama faaliyetlerinde size \u00f6zel reklamlar, kampanyalar, avantajlar ve di\u011fer faydalar sunmak,\n\n\n\n\n\n&#8211; Veri i\u015fleme gereksinimleri, sistem yap\u0131s\u0131, al\u0131nan veri i\u015fleme destek hizmetlerinin gereklilikleri i\u00e7in sizinle ileti\u015fime ge\u00e7mek, bu hizmetler ve \u00fcr\u00fcnler hakk\u0131nda sizi bilgilendirmek,\n\n\n\n\n\n&#8211; Petros Hotel i\u00e7in oda rezervasyonlar\u0131n\u0131 d\u00fczenlemek,\n\n\n\n\n\n&#8211; Sat\u0131\u015f ve pazarlama faaliyetleri i\u00e7in trafik \u00f6l\u00e7\u00fcm\u00fc, rezervasyon veya konaklama s\u0131ras\u0131nda toplanan verilerinizin \u00e7apraz kontrol\u00fc ile size \u00f6zel teklifler sunmak, istatistiksel analizler, segmentasyon\/profil olu\u015fturma ve CRM \u00e7al\u0131\u015fmalar\u0131 yapmak,\n\n\n\n\n\n&#8211; M\u00fc\u015fteri memnuniyetini \u00f6l\u00e7mek ve art\u0131rmak, \u015fikayet y\u00f6netimi, yeni hizmet ve \u00fcr\u00fcnler hakk\u0131nda g\u00f6r\u00fc\u015f ve \u00f6nerilerinizi almak, sorun-hata bildirimlerinizi almak, itiraz hakk\u0131n\u0131z\u0131 dikkate almak, di\u011fer \u00fcr\u00fcn ve hizmetler, \u015fikayetler ve talepler hakk\u0131nda sizi bilgilendirmek,\n\n\n\n\n\n&#8211; Petros Hotel\u2019de konaklayan m\u00fc\u015fterileri aramak i\u00e7in \u00f6zel telefon hizmetlerini kullanmak, oteli etkileyen ciddi olaylar (do\u011fal afetler, ter\u00f6r sald\u0131r\u0131lar\u0131 vb.) durumunda,\n\n\n\n\n\n&#8211; Sipari\u015flerinizi almak, \u00f6demeleri ger\u00e7ekle\u015ftirmek, \u00fcr\u00fcnleri \u00fc\u00e7\u00fcnc\u00fc taraf lojistik i\u015f birli\u011fiyle iletmek, ilginizi \u00e7ekebilecek \u00fcr\u00fcn ve hizmetleri \u00f6nermek, \u00e7evrimi\u00e7i davran\u0131\u015fsal reklamc\u0131l\u0131k ve pazarlama, m\u00fc\u015fteri portf\u00f6y\u00fc y\u00f6netimi, hizmet kalitesini \u00f6l\u00e7me ve geli\u015ftirme, ileti\u015fim, optimizasyon, denetim, risk y\u00f6netimi ve kontrol, promosyon, analiz, ilgi alanlar\u0131n\u0131 belirleme, puanlama, profil olu\u015fturma, pazarlama, sat\u0131\u015f, reklam, ileti\u015fim,\n\n\n\n\n\n&#8211; Kar\u015f\u0131la\u015ft\u0131rmal\u0131 \u00fcr\u00fcn ve\/veya hizmet teklifleri, modelleme, mevcut veya yeni \u00fcr\u00fcn ve\/veya hizmetlerin geli\u015ftirilmesi, Petros Hotel\u2019in ana s\u00f6zle\u015fmesinde belirtilen i\u015fleri d\u00fczenleyen kanunlar ve mevzuat kapsam\u0131nda sunulan t\u00fcm \u00fcr\u00fcn ve hizmetlerin kullan\u0131m\u0131, ki\u015fisel verilerinizin Petros Hotel\u2019e a\u00e7\u0131klanmas\u0131 konusu,\n\n\n\n\n\n&#8211; Kamu otoritelerinin \u00f6ng\u00f6rd\u00fc\u011f\u00fc veri saklama, raporlama, bilgilendirme y\u00fck\u00fcml\u00fcl\u00fcklerini yerine getirmek ve Petros Hotel\u2019in bu hizmetleri sa\u011flamakla ilgili yasal y\u00fck\u00fcml\u00fcl\u00fcklerini yerine getirmek,\n\n\n\n\n\n&#8211; Petros Hotel\u2019in ticari ve i\u015f stratejilerini belirleme ve uygulama amac\u0131 do\u011frultusunda; finans operasyonlar\u0131n\u0131 y\u00f6netme, ileti\u015fim, pazar ara\u015ft\u0131rmas\u0131 ve sosyal sorumluluk faaliyetleri, sat\u0131n alma operasyonlar\u0131 (talep, teklif, de\u011ferlendirme, sipari\u015f, b\u00fct\u00e7eleme, s\u00f6zle\u015fme), i\u00e7 sistem ve uygulama y\u00f6netimi operasyonlar\u0131 ve yasal operasyonlar\u0131 y\u00fcr\u00fctmek,\n\n\n\n\n\n&#8211; Resmi makamlardan veya sizden gelen talepleri incelemek, de\u011ferlendirmek ve yan\u0131tlamak,\n\n\n\n\n\n<strong>c) \u0130\u015flenen Ki\u015fisel Verilerin Kimlere ve Hangi Ama\u00e7la Aktar\u0131labilece\u011fi<\/strong>\n\n\n\n\n\nToplanan ki\u015fisel verileriniz; yukar\u0131da belirtilen ama\u00e7lar\u0131n ger\u00e7ekle\u015ftirilmesiyle s\u0131n\u0131rl\u0131 olarak, 6698 say\u0131l\u0131 Kanun\u2019un 8 ve 9. maddelerinde belirtilen ki\u015fisel veri i\u015fleme ko\u015fullar\u0131 ve ama\u00e7lar\u0131 kapsam\u0131nda aktar\u0131lacakt\u0131r:\n\n\n\n\n\n&#8211; Y Turizm Ticaret Ltd. \u015eti. b\u00fcnyesinde faaliyet g\u00f6steren otellere veya restoranlara, ba\u011fl\u0131 ortakl\u0131klara, i\u015ftiraklere, ortaklara, hissedarlara,\n\n\n\n\n\n&#8211; Petros Hotel web sitesi, \u00e7a\u011fr\u0131 merkezi veya di\u011fer kanallar arac\u0131l\u0131\u011f\u0131yla yurti\u00e7i veya yurtd\u0131\u015f\u0131nda rezervasyon yapt\u0131\u011f\u0131n\u0131z otel veya restoranlara kimlik, ileti\u015fim ve gerekli di\u011fer bilgilerinizin taleplerinizi ve isteklerinizi iletmek i\u00e7in,\n\n\n\n\n\n&#8211; Turizm Tan\u0131t\u0131m Kanunu, Seyahat Acenteleri ve Seyahat Acenteleri Birli\u011fi Kanunu, Turizm Tesislerinin Belgelendirme ve Niteliklerine \u0130li\u015fkin Y\u00f6netmelik \u00e7er\u00e7evesinde ilgili kurulu\u015flara ve kurumlara,\n\n\n\n\n\n&#8211; Vergi Usul Kanunu, Sosyal G\u00fcvenlik Kurumu mevzuat\u0131, Say\u0131\u015ftay, Su\u00e7 Gelirlerinin Aklanmas\u0131n\u0131n \u00d6nlenmesi Kanunu, Kara Paran\u0131n Aklanmas\u0131n\u0131n \u00d6nlenmesi Kanunu, T\u00fcrk Ticaret Kanunu, Bor\u00e7lar Kanunu ve di\u011fer mevzuat h\u00fck\u00fcmleri taraf\u0131ndan izin verilen ki\u015fi ve kurumlara,\n\n\n\n\n\n&#8211; Kanunen yetkili kamu kurum ve kurulu\u015flar\u0131na, idari makamlara ve yasal makamlara,\n\n\n\n\n\n&#8211; Yurtd\u0131\u015f\u0131ndaki \u015firketlere ve i\u015ftiraklere,\n\n\n\n\n\n&#8211; Ger\u00e7ek veya t\u00fczel ki\u015filere, program orta\u011f\u0131 kurulu\u015f ve kurumlara, m\u00fc\u015fterilerimize e-posta g\u00f6nderilmesi i\u00e7in anla\u015fmal\u0131 oldu\u011fumuz kurumlara, sipari\u015f etti\u011finiz \u00fcr\u00fcnlerin teslimat\u0131 i\u00e7in kargo \u015firketlerine, \u00fcr\u00fcn\/hizmet kar\u015f\u0131la\u015ft\u0131rmas\u0131, analiz, de\u011ferlendirme, reklam ve yukar\u0131da belirtilen ama\u00e7lar\u0131 ger\u00e7ekle\u015ftirmek i\u00e7in hizmet ald\u0131\u011f\u0131m\u0131z kurulu\u015flara,\n\n\n\n\n\n<strong>\u00e7) Ki\u015fisel Verilerin Toplanma Y\u00f6ntemi ve Hukuki Sebebi<\/strong>\n\n\n\n\n\nKi\u015fisel verileriniz, Petros Hotel taraf\u0131ndan yukar\u0131da belirtilen ama\u00e7lar do\u011frultusunda, yasal mevzuat \u00e7er\u00e7evesinde, s\u00f6zle\u015fmenin kurulmas\u0131 veya ifas\u0131 ile do\u011frudan ilgili olmas\u0131, yasal y\u00fck\u00fcml\u00fcl\u00fcklerimizi yerine getirmek i\u00e7in zorunlu olmas\u0131 ve Kanun\u2019un 5. maddesinde belirtilen di\u011fer istisnalar kapsam\u0131nda toplanmaktad\u0131r.\n\n\n\n\n\nA\u015fa\u011f\u0131daki birincil kanallar ve olu\u015fturulabilecek di\u011fer kanallar arac\u0131l\u0131\u011f\u0131yla:\n\n\n\n\n<ul class=\"wp-block-list\">\n \t<li><strong>Web sitemiz ve anla\u015fmal\u0131 web siteleri gibi \u00e7evrimi\u00e7i hizmetler arac\u0131l\u0131\u011f\u0131yla:<\/strong> Rezervasyon yapt\u0131\u011f\u0131n\u0131zda, ba\u015fka yollarla \u00fcr\u00fcn veya hizmet sat\u0131n ald\u0131\u011f\u0131n\u0131zda, \u00e7evrimi\u00e7i mesajla\u015fma hizmetleri arac\u0131l\u0131\u011f\u0131yla bize ula\u015ft\u0131\u011f\u0131n\u0131zda, \u00f6zel taleplerinizi veya tercihlerinizi bildirdi\u011finizde, b\u00fclten, anket, yar\u0131\u015fma veya promosyona kaydoldu\u011funuzda.<\/li>\n \t<li><strong>S\u00f6zl\u00fc ve yaz\u0131l\u0131 bilgi payla\u015f\u0131m\u0131 ve m\u00fc\u015fteri hizmetlerinin t\u00fcm fiziksel ortamlar\u0131 arac\u0131l\u0131\u011f\u0131yla:<\/strong> Tesislerimizden birini ziyaret etti\u011finizde, hizmetlerimizi kullanmak i\u00e7in bir talepte bulundu\u011funuzda, tercihlerinizi bildirdi\u011finizde, telefonla rezervasyon yapt\u0131\u011f\u0131n\u0131zda veya m\u00fc\u015fteri hizmetlerine ula\u015ft\u0131\u011f\u0131n\u0131zda ki\u015fisel verileriniz toplanabilir.<\/li>\n \t<li><strong>\u0130\u015f ortaklar\u0131m\u0131z, tedarik\u00e7iler ve seyahat acenteleri gibi di\u011fer kaynaklar arac\u0131l\u0131\u011f\u0131yla:<\/strong> Ortak pazarlama ortaklar\u0131m\u0131z ve \u00fc\u00e7\u00fcnc\u00fc taraflardan ki\u015fisel verileriniz toplanabilir. Bunlar, seyahat acenteniz, havayolu \u015firketiniz, kredi kart\u0131n\u0131z ve di\u011fer ortaklardan toplanan bilgileri i\u00e7erebilir.<\/li>\n \t<li><strong>Sosyal medya hesaplar\u0131m\u0131z arac\u0131l\u0131\u011f\u0131yla<\/strong><\/li>\n<\/ul>\n\n\n\n\n<strong>d) 6698 Say\u0131l\u0131 Kanun\u2019un 11. Maddesinde Belirtilen Ki\u015fisel Veri Sahibinin Haklar\u0131<\/strong>\n\n\n\n\n\nYa\u015fmak Comfort Hotel, ki\u015fisel veri sahipleri olarak sizin taraf\u0131n\u0131zdan a\u015fa\u011f\u0131da belirtilen y\u00f6ntemlerle yap\u0131lan talepleri, talebin niteli\u011fine g\u00f6re en uygun s\u00fcrede ve en ge\u00e7 otuz g\u00fcn i\u00e7inde sonu\u00e7land\u0131racakt\u0131r.\n\n\n\n\n\nCevab\u0131n CD veya flash disk \u00fczerinde teslim edilmesi istenirse, \u015firketimiz taraf\u0131ndan al\u0131nacak \u00fccret, cevab\u0131n kaydedilece\u011fi ortam\u0131n maliyetini a\u015famaz.\n\n\n\n\n\nYukar\u0131daki kapsamda, ki\u015fisel veri sahipleri a\u015fa\u011f\u0131daki haklara sahiptir:\n\n\n\n\n<ul class=\"wp-block-list\">\n \t<li>Ki\u015fisel verilerinin i\u015flenip i\u015flenmedi\u011fini \u00f6\u011frenme,<\/li>\n \t<li>Ki\u015fisel verileri i\u015flenmi\u015fse buna ili\u015fkin bilgi talep etme,<\/li>\n \t<li>Ki\u015fisel verilerin i\u015flenme amac\u0131n\u0131 ve bunlar\u0131n amac\u0131na uygun kullan\u0131l\u0131p kullan\u0131lmad\u0131\u011f\u0131n\u0131 \u00f6\u011frenme,<\/li>\n \t<li>Yurt i\u00e7inde veya yurt d\u0131\u015f\u0131nda ki\u015fisel verilerin aktar\u0131ld\u0131\u011f\u0131 \u00fc\u00e7\u00fcnc\u00fc ki\u015fileri bilme,<\/li>\n \t<li>Ki\u015fisel verilerin eksik veya yanl\u0131\u015f i\u015flenmi\u015f olmas\u0131 durumunda bunlar\u0131n d\u00fczeltilmesini ve bu verilerin aktar\u0131ld\u0131\u011f\u0131 \u00fc\u00e7\u00fcnc\u00fc ki\u015filere bu i\u015flemin bildirilmesini talep etme,<\/li>\n \t<li>6698 say\u0131l\u0131 Kanun ve ilgili di\u011fer h\u00fck\u00fcmlere uygun olarak i\u015flenmi\u015f olmas\u0131na ra\u011fmen, i\u015flenmesini gerektiren sebeplerin ortadan kalkmas\u0131 durumunda ki\u015fisel verilerin silinmesini veya yok edilmesini ve bu i\u015flemin \u00fc\u00e7\u00fcnc\u00fc ki\u015filere bildirilmesini talep etme,<\/li>\n \t<li>\u0130\u015flenen verilerin m\u00fcnhas\u0131ran otomatik sistemler vas\u0131tas\u0131yla analiz edilmesiyle ki\u015finin kendisi aleyhine bir sonucun ortaya \u00e7\u0131kmas\u0131na itiraz etme,<\/li>\n \t<li>Ki\u015fisel verilerin kanuna ayk\u0131r\u0131 olarak i\u015flenmesi sebebiyle zarara u\u011framas\u0131 durumunda zarar\u0131n giderilmesini talep etme.<\/li>\n<\/ul>\n\n\n\n\nYukar\u0131da belirtilen haklar\u0131n\u0131z\u0131 kullanma talebinizi, 10.03.2018 tarihli ve 30356 say\u0131l\u0131 Resmi Gazete\u2019de yay\u0131mlanan Veri Sorumlusuna Ba\u015fvuru Usul ve Esaslar\u0131 Hakk\u0131nda Tebli\u011f ve 6698 say\u0131l\u0131 Kanun\u2019un 13. maddesinin 1. f\u0131kras\u0131 uyar\u0131nca, T\u00fcrk\u00e7e ve yaz\u0131l\u0131 olarak veya kay\u0131tl\u0131 elektronik posta (KEP) adresi, g\u00fcvenli elektronik imza, mobil imza veya daha \u00f6nce Petros Hotel\u2019e bildirdi\u011finiz ve sistemimize kay\u0131tl\u0131 olan bir e-posta adresi \u00fczerinden iletebilirsiniz.\n\n\n\n\n\nPetros Hotel, size yan\u0131t vermeden \u00f6nce kimli\u011finizi do\u011frulama hakk\u0131n\u0131 sakl\u0131 tutar.\n\n\n\n\n\nBa\u015fvurunuzda a\u015fa\u011f\u0131daki bilgiler yer almal\u0131d\u0131r:\n\n\n\n\n<ol class=\"wp-block-list\">\n \t<li>Ad\u0131n\u0131z, soyad\u0131n\u0131z ve yaz\u0131l\u0131 ba\u015fvurularda imzan\u0131z,<\/li>\n \t<li>T\u00fcrkiye Cumhuriyeti vatanda\u015flar\u0131 i\u00e7in T.C. kimlik numaras\u0131; yabanc\u0131lar i\u00e7in uyruk, pasaport numaras\u0131 veya varsa kimlik numaras\u0131,<\/li>\n \t<li>\u0130kamet veya i\u015f yeri adresiniz,<\/li>\n \t<li>Varsa bildirim i\u00e7in e-posta adresi, telefon numaras\u0131 ve faks numaras\u0131,<\/li>\n<\/ol>\n\n\n\n\nd) Talebin konusu ve varsa konuya ili\u015fkin bilgi ve belgeler eklenmelidir.\n\n\n\n\n\nYaz\u0131l\u0131 ba\u015fvurular\u0131n\u0131z\u0131, gerekli belgeleri ekleyerek, iadeli taahh\u00fctl\u00fc mektupla \u015firketimizin H\u00fcseyina\u011fa Mahallesi, Balo Sokak, No:30 Beyo\u011flu-\u0130stanbul-T\u00fcrkiye adresine g\u00f6nderebilirsiniz.\n\n\n\n\n\nBa\u015fvurular\u0131n\u0131z\u0131 e-posta yoluyla info@petroshotel.com adresine g\u00f6nderebilirsiniz.\n\n\n\n\n\nTalebinizin niteli\u011fine g\u00f6re bilgi ve belgeler eksiksiz ve do\u011fru \u015fekilde sa\u011flanmal\u0131d\u0131r. Gerekli bilgi ve belgelerin do\u011fru \u015fekilde sa\u011flanmamas\u0131 durumunda, Petros Hotel taraf\u0131ndan talebinize dayan\u0131larak yap\u0131lacak ara\u015ft\u0131rmalar tam ve nitelikli \u015fekilde tamamlanamayabilir. Bu durumda, Petros Hotel yasal haklar\u0131n\u0131 sakl\u0131 tutar. Bu nedenle, talebinizin niteli\u011fine g\u00f6re t\u00fcm uygun bilgi ve belgeler g\u00f6nderilmelidir. Talebiniz Petros Hotel taraf\u0131ndan de\u011ferlendirilecek ve Kanun\u2019da \u00f6ng\u00f6r\u00fcld\u00fc\u011f\u00fc \u00fczere en ge\u00e7 30 (otuz) g\u00fcn i\u00e7inde sonu\u00e7land\u0131r\u0131lacakt\u0131r. Prensip olarak talepler i\u00e7in \u00fccret al\u0131nmamakla birlikte, Petros Hotel, Ki\u015fisel Verileri Koruma Kurulu\u2019nun belirledi\u011fi tarifeye g\u00f6re \u00fccret talep etme hakk\u0131n\u0131 sakl\u0131 tutar.\n\n\n\n\n\n<strong>B\u0130LG\u0130 BEYANI SA\u011eLAYAN<\/strong>\n\n\n\n\n\n<strong>PETROS HOTEL<\/strong>\n\n\n\n\n\n<strong>Y TUR\u0130ZM T\u0130CARET LTD. \u015eT\u0130.<\/strong>\n\n\n\n\n\n<strong>KAPALI DEVRE KAMERA KAYIT S\u0130STEMLER\u0130 HAKKINDA B\u0130LG\u0130 BEYANI<\/strong>\n\n\n\n\n\nBu bilgi beyan\u0131, Y Turizm Ticaret Ltd. \u015eti. &#8211; Petros Hotel tesislerinde kapal\u0131 devre kamera kay\u0131t sistemleri taraf\u0131ndan toplanan ki\u015fisel verilerin i\u015flenme s\u00fcre\u00e7leri ve ilkelerine ili\u015fkin detaylar\u0131 sa\u011flamak amac\u0131yla, 6698 say\u0131l\u0131 Ki\u015fisel Verilerin Korunmas\u0131 Kanunu (\u201cKanun\u201d) uyar\u0131nca veri sahiplerini bilgilendirmek i\u00e7in haz\u0131rlanm\u0131\u015ft\u0131r.\n\n\n\n\n<ol class=\"wp-block-list\">\n \t<li><strong>Ki\u015fisel Verilerin \u0130\u015flenme Amac\u0131<\/strong><\/li>\n<\/ol>\n\n\n\n\n<strong>Toplanan ki\u015fisel veriler, Kanun\u2019un 5 ve 6. maddelerinde belirtilen ki\u015fisel veri i\u015fleme ko\u015fullar\u0131 ve ama\u00e7lar\u0131 kapsam\u0131nda, \u015eube ile i\u015f ili\u015fkisi i\u00e7inde olan bireylerin adli, teknik ve ticari-i\u015f g\u00fcvenli\u011fini sa\u011flamak ve \u015eube\u2019ye ba\u011fl\u0131 yerlerin g\u00fcvenli\u011fi amac\u0131yla i\u015flenmektedir.<\/strong>\n\n\n\n\n<ul class=\"wp-block-list\">\n \t<li><strong>Ki\u015fisel Verilerin Aktar\u0131labilece\u011fi Taraflar ve Aktar\u0131m Amac\u0131<\/strong><\/li>\n<\/ul>\n\n\n\n\n<strong>Toplanan ki\u015fisel veriler, Kanun\u2019un 8 ve 9. maddelerinde belirtilen ki\u015fisel veri i\u015fleme ko\u015fullar\u0131 ve ama\u00e7lar\u0131 kapsam\u0131nda, \u015eube ile i\u015f ili\u015fkisi i\u00e7inde olan bireylerin adli, teknik ve ticari-i\u015f g\u00fcvenli\u011fini sa\u011flamak ve \u015eube\u2019ye ba\u011fl\u0131 yerlerin g\u00fcvenli\u011fi amac\u0131yla yasal olarak yetkili kurum ve kurulu\u015flarla payla\u015f\u0131labilir.<\/strong>\n\n\n\n\n\n<strong>3. Ki\u015fisel Verilerin Toplanma Y\u00f6ntemi ve Hukuki Sebebi<\/strong>\n\n\n\n\n\nKi\u015fisel veriler, tesislere kurulu kapal\u0131 devre kamera sistemleri arac\u0131l\u0131\u011f\u0131yla toplanmaktad\u0131r. Yukar\u0131da belirtilen hukuki sebeplere dayan\u0131larak toplanan ki\u015fisel veriler, 6698 say\u0131l\u0131 Kanun\u2019un 5 ve 6. maddelerinde belirtilen ki\u015fisel veri i\u015fleme ko\u015fullar\u0131 ve ama\u00e7lar\u0131 \u00e7er\u00e7evesinde i\u015flenebilir ve bu Bilgi Beyan\u0131\u2019n\u0131n 1 ve 2. maddelerinde belirtilen ama\u00e7lar i\u00e7in aktar\u0131labilir.\n\n\n\n\n\n4. <strong>Veri Sahiplerinin Haklar\u0131 ve Bu Haklar\u0131n Kullan\u0131m\u0131<\/strong>\n\n\n\n\n\nKanun\u2019un 11. maddesi uyar\u0131nca veri sahipleri a\u015fa\u011f\u0131daki haklara sahiptir:\n\n\n\n\n<ul class=\"wp-block-list\">\n \t<li>Ki\u015fisel verilerinin i\u015flenip i\u015flenmedi\u011fini \u00f6\u011frenme,\n<ul>\n \t<li>Ki\u015fisel verileri i\u015flenmi\u015fse buna ili\u015fkin bilgi talep etme,<\/li>\n<\/ul>\n<ul>\n \t<li>Ki\u015fisel verilerin i\u015flenme amac\u0131n\u0131 ve bunlar\u0131n amac\u0131na uygun kullan\u0131l\u0131p kullan\u0131lmad\u0131\u011f\u0131n\u0131 \u00f6\u011frenme,<\/li>\n<\/ul>\n<ul>\n \t<li>Yurt i\u00e7inde veya yurt d\u0131\u015f\u0131nda ki\u015fisel verilerin aktar\u0131ld\u0131\u011f\u0131 \u00fc\u00e7\u00fcnc\u00fc ki\u015fileri bilme,<\/li>\n<\/ul>\n<ul>\n \t<li>Ki\u015fisel verilerin eksik veya yanl\u0131\u015f i\u015flenmi\u015f olmas\u0131 durumunda bunlar\u0131n d\u00fczeltilmesini ve bu verilerin aktar\u0131ld\u0131\u011f\u0131 \u00fc\u00e7\u00fcnc\u00fc ki\u015filere bu i\u015flemin bildirilmesini talep etme,<\/li>\n<\/ul>\n<ul>\n \t<li>Kanun ve di\u011fer ilgili h\u00fck\u00fcmlere uygun olarak i\u015flenmi\u015f olmas\u0131na ra\u011fmen, i\u015flenmesini gerektiren sebeplerin ortadan kalkmas\u0131 durumunda ki\u015fisel verilerin silinmesini veya yok edilmesini ve bu i\u015flemin \u00fc\u00e7\u00fcnc\u00fc ki\u015filere bildirilmesini talep etme,<\/li>\n<\/ul>\n<ul>\n \t<li>\u0130\u015flenen verilerin m\u00fcnhas\u0131ran otomatik sistemler vas\u0131tas\u0131yla analiz edilmesiyle ki\u015finin kendisi aleyhine bir sonucun ortaya \u00e7\u0131kmas\u0131na itiraz etme,<\/li>\n<\/ul>\n<ul>\n \t<li>Ki\u015fisel verilerin kanuna ayk\u0131r\u0131 olarak i\u015flenmesi sebebiyle zarara u\u011framas\u0131 durumunda zarar\u0131n giderilmesini talep etme.<\/li>\n<\/ul>\n<\/li>\n<\/ul>\n\n\n\n\nYukar\u0131da belirtilen haklar, veri sahipleri taraf\u0131ndan <a href=\"https:\/\/petroshotel.com\/tr\/\">https:\/\/petroshotel.com\/<\/a> adresinde Y Turizm Ticaret Ltd. \u015eti. \u2013 Petros Hotel Ki\u015fisel Verilerin Korunmas\u0131 ve \u0130\u015flenmesi Politikas\u0131 alt\u0131nda belirtilen y\u00f6ntemlerle g\u00f6nderildi\u011finde 30 (otuz) g\u00fcn i\u00e7inde sonu\u00e7land\u0131r\u0131lacakt\u0131r. Prensip olarak talepler i\u00e7in \u00fccret al\u0131nmamakla birlikte, Ki\u015fisel Verileri Koruma Kurulu\u2019nun belirledi\u011fi tarifeye g\u00f6re \u00fccret talep etme hakk\u0131 sakl\u0131d\u0131r.\n\n","protected":false},"excerpt":{"rendered":"<p>Bu bilgi beyan\u0131, Y Turizm Ticaret Ltd. \u015eti. (Petros Hotel) taraf\u0131ndan veri sorumlusu s\u0131fat\u0131yla payla&#8230;<\/p>\n","protected":false},"author":1,"featured_media":0,"parent":0,"menu_order":0,"comment_status":"closed","ping_status":"closed","template":"","meta":{"footnotes":""},"class_list":["post-1202","page","type-page","status-publish","hentry"],"_links":{"self":[{"href":"https:\/\/petroshotel.com\/tr\/wp-json\/wp\/v2\/pages\/1202","targetHints":{"allow":["GET"]}}],"collection":[{"href":"https:\/\/petroshotel.com\/tr\/wp-json\/wp\/v2\/pages"}],"about":[{"href":"https:\/\/petroshotel.com\/tr\/wp-json\/wp\/v2\/types\/page"}],"author":[{"embeddable":true,"href":"https:\/\/petroshotel.com\/tr\/wp-json\/wp\/v2\/users\/1"}],"replies":[{"embeddable":true,"href":"https:\/\/petroshotel.com\/tr\/wp-json\/wp\/v2\/comments?post=1202"}],"version-history":[{"count":1,"href":"https:\/\/petroshotel.com\/tr\/wp-json\/wp\/v2\/pages\/1202\/revisions"}],"predecessor-version":[{"id":1208,"href":"https:\/\/petroshotel.com\/tr\/wp-json\/wp\/v2\/pages\/1202\/revisions\/1208"}],"wp:attachment":[{"href":"https:\/\/petroshotel.com\/tr\/wp-json\/wp\/v2\/media?parent=1202"}],"curies":[{"name":"wp","href":"https:\/\/api.w.org\/{rel}","templated":true}]}}